{"id":83,"date":"2025-05-12T19:59:06","date_gmt":"2025-05-12T17:59:06","guid":{"rendered":"https:\/\/oliwkascalea.pl\/?page_id=83"},"modified":"2025-07-27T19:54:13","modified_gmt":"2025-07-27T17:54:13","slug":"mieszkanie","status":"publish","type":"page","link":"https:\/\/oliwkascalea.pl\/index.php\/mieszkanie\/","title":{"rendered":"Mieszkanie"},"content":{"rendered":"\n<style>\n  .container {\n    max-width: 900px;\n    margin: 0 auto;\n    padding: 20px;\n    font-family: Arial, sans-serif;\n    line-height: 1.6;\n    text-align: center;\n  }\n\n  h2 {\n    font-size: 28px;\n    margin-top: 40px;\n  }\n\n  .features {\n    display: flex;\n    flex-wrap: wrap;\n    justify-content: center;\n    gap: 10px;\n    margin-top: 20px;\n    background-color: #3e4e3d;\n    padding: 20px;\n    border-radius: 12px;\n    color: #ffffff;\n  }\n\n  .features li {\n    flex: 1 1 45%;\n    list-style: none;\n    margin-bottom: 10px;\n    background: rgba(255, 255, 255, 0.1);\n    padding: 10px 15px;\n    border-radius: 8px;\n    text-align: center;\n  }\n\n  p {\n    margin-top: 10px;\n    margin-bottom: 20px;\n  }\n\n  @media screen and (max-width: 768px) {\n    .features li {\n      flex: 1 1 100%;\n      font-size: 16px;\n    }\n\n    h2 {\n      font-size: 22px;\n    }\n\n    .container {\n      padding: 15px;\n    }\n  }\n<\/style>\n\n<div class=\"container\">\n  <h1>Apartament w sercu Scalei<\/h1>\n  <p class=\"opis\">Wygodne, przestronne mieszkanie na III pi\u0119trze w centrum Scalei. Chcesz do\u015bwiadczy\u0107 jak \u017cyj\u0105 po\u0142udniowi W\u0142osi? Ta destynacja jest dla Ciebie! Apartament Oliwka ma zachowany typowo w\u0142oski charakter. Atutem jest bardzo dobra lokalizacja. Scalea to s\u0142o\u0144ce, pla\u017ca, g\u00f3ry, palmy i \u015bwietne jedzenie. Przyjed\u017a, sprawd\u017a i poczuj klimat Kalabrii, a zostaniesz oczarowany.<\/p>\n\n  <h2>Udogodnienia<\/h2>\n  <ul class=\"features\">\n    <li>\ud83d\udecf\ufe0f 3 pokoje, kuchnia, \u0142azienka, przedpok\u00f3j<\/li>\n    <li>\ud83c\udf05 3 tarasy balkonowe i 4 niezale\u017cne wyj\u015bcia na taras<\/li>\n    <li>\u2744\ufe0f Klimatyzacja<\/li>\n    <li>\ud83c\udf7d\ufe0f W pe\u0142ni wyposa\u017cona kuchnia<\/li>\n    <li>\ud83d\udec1 Wanna ze s\u0142uchawk\u0105 prysznicow\u0105 i nowa pralka<\/li>\n    <li>\ud83c\udfd6\ufe0f 3\u20134 minuty do pla\u017cy od wyj\u015bcia z domu<\/li>\n    <li>\ud83d\udccd Centrum miasta<\/li>\n    <li>\ud83d\uded2 200\u2013300 metr\u00f3w do marketu<\/li>\n    <li>\ud83c\udf55 Jedna z najlepszych pizzerii w Scalei pod balkonem<\/li>\n  <\/ul>\n\n  <h2>Cennik<\/h2>\n  <p>\n    \ud83d\udcb6 120 euro\/doba (do 6 os\u00f3b) \u2014 czerwiec\u2013sierpie\u0144<br>\n    \ud83d\udcb6 100 euro\/doba (do 6 os\u00f3b) \u2014 wrzesie\u0144\u2013maj<br>\n     Powy\u017cej tygodnia czasu wynajmu cena do negocjacji!\n  <\/p>\n<\/div>\n\n  <!-- Mapa -->\n  <h2 style=\"text-align: center; margin-top: 2rem;\">Lokalizacja<\/h2>\n<div style=\"max-width: 1200px; margin: 0 auto; padding: 1rem 0;\">\n  <iframe \n    src=\"https:\/\/www.google.com\/maps\/embed?pb=!1m18!1m12!1m3!1d383.1385032508356!2d15.794692630792492!3d39.80456859063233!2m3!1f0!2f0!3f0!3m2!1i1024!2i768!4f13.1!3m3!1m2!1s0x133f1e10b67b8ef1%3A0x47d7bf39d1dee24a!2sVia%20Giovanni%20Boccaccio%2C%2042%2C%2087029%20Scalea%20CS%2C%20W%C5%82ochy!5e0!3m2!1spl!2spl!4v1748163822409!5m2!1spl!2spl\" \n    width=\"100%\" \n    height=\"350\" \n    style=\"border:0; border-radius: 10px;\" \n    allowfullscreen=\"\" \n    loading=\"lazy\" \n    referrerpolicy=\"no-referrer-when-downgrade\">\n  <\/iframe>\n<\/div>\n\n\n<style>\n@media (min-width: 768px) {\n  iframe {\n    height: 300px !important;\n  }\n}\n<\/style>\n\n<\/div>\n\n  <h2 style=\"text-align: center; margin-bottom: 1rem;\">Galeria<\/h2>\n\n<div style=\"display: grid; grid-template-columns: repeat(auto-fit, minmax(250px, 1fr)); gap: 1rem; max-width: 1200px; margin: 0 auto;\">\n    <a href=\"https:\/\/oliwkascalea.pl\/wp-content\/uploads\/2025\/05\/Zdjecie-WhatsApp-2025-04-30-o-15.37.36_95be90ef.jpg\">\n      <img decoding=\"async\" src=\"https:\/\/oliwkascalea.pl\/wp-content\/uploads\/2025\/05\/Zdjecie-WhatsApp-2025-04-30-o-15.37.36_95be90ef.jpg\" alt=\"Salon\" style=\"width: 100%; aspect-ratio: 4\/3; object-fit: cover; border-radius: 8px;\"><\/a>\n    <a href=\"https:\/\/oliwkascalea.pl\/wp-content\/uploads\/2025\/05\/Zdjecie-WhatsApp-2025-05-18-o-14.00.48_b6ce8bcb.jpg\">\n      <img decoding=\"async\" src=\"https:\/\/oliwkascalea.pl\/wp-content\/uploads\/2025\/05\/Zdjecie-WhatsApp-2025-05-18-o-14.00.48_b6ce8bcb.jpg\" alt=\"Salon\" style=\"width: 100%; aspect-ratio: 4\/3; object-fit: cover; border-radius: 8px;\"><\/a>\n    <a href=\"https:\/\/oliwkascalea.pl\/wp-content\/uploads\/2025\/05\/Zdjecie-WhatsApp-2025-05-18-o-14.00.48_a4459d15.jpg\">\n      <img decoding=\"async\" src=\"https:\/\/oliwkascalea.pl\/wp-content\/uploads\/2025\/05\/Zdjecie-WhatsApp-2025-05-18-o-14.00.48_a4459d15.jpg\" alt=\"Salon\" style=\"width: 100%; aspect-ratio: 4\/3; object-fit: cover; border-radius: 8px;\"><\/a>\n    <a href=\"https:\/\/oliwkascalea.pl\/wp-content\/uploads\/2025\/07\/Sypialnia-1.jpg\">\n      <img decoding=\"async\" src=\"https:\/\/oliwkascalea.pl\/wp-content\/uploads\/2025\/07\/Sypialnia-1.jpg\" alt=\"Sypialnia 1\" style=\"width: 100%; aspect-ratio: 4\/3; object-fit: cover; border-radius: 8px;\"><\/a>\n    <a href=\"https:\/\/oliwkascalea.pl\/wp-content\/uploads\/2025\/07\/Sypialnia-1-2.jpg\">\n      <img decoding=\"async\" src=\"https:\/\/oliwkascalea.pl\/wp-content\/uploads\/2025\/07\/Sypialnia-1-2.jpg\" alt=\"Sypialnia 1\" style=\"width: 100%; aspect-ratio: 4\/3; object-fit: cover; border-radius: 8px;\"><\/a>\n    <a href=\"https:\/\/oliwkascalea.pl\/wp-content\/uploads\/2025\/05\/Zdjecie-WhatsApp-2025-05-20-o-19.50.10_8bcc9d34.jpg\">\n      <img decoding=\"async\" src=\"https:\/\/oliwkascalea.pl\/wp-content\/uploads\/2025\/05\/Zdjecie-WhatsApp-2025-05-20-o-19.50.10_8bcc9d34.jpg\" alt=\"Sypialnia 2\" style=\"width: 100%; aspect-ratio: 4\/3; object-fit: cover; border-radius: 8px;\"><\/a>\n    <a href=\"https:\/\/oliwkascalea.pl\/wp-content\/uploads\/2025\/05\/Zdjecie-WhatsApp-2025-05-18-o-14.00.48_f537269b.jpg\">\n      <img decoding=\"async\" src=\"https:\/\/oliwkascalea.pl\/wp-content\/uploads\/2025\/05\/Zdjecie-WhatsApp-2025-05-18-o-14.00.48_f537269b.jpg\" alt=\"Sypialnia 2\" style=\"width: 100%; aspect-ratio: 4\/3; object-fit: cover; border-radius: 8px;\"><\/a>\n    <a href=\"https:\/\/oliwkascalea.pl\/wp-content\/uploads\/2025\/05\/Zdjecie-WhatsApp-2025-05-18-o-14.00.48_7174552b.jpg\">\n      <img decoding=\"async\" src=\"https:\/\/oliwkascalea.pl\/wp-content\/uploads\/2025\/05\/Zdjecie-WhatsApp-2025-05-18-o-14.00.48_7174552b.jpg\" alt=\"Sypialnia 2\" style=\"width: 100%; aspect-ratio: 4\/3; object-fit: cover; border-radius: 8px;\"><\/a>\n    <a href=\"https:\/\/oliwkascalea.pl\/wp-content\/uploads\/2025\/07\/Kuchnia.jpg\">\n      <img decoding=\"async\" src=\"https:\/\/oliwkascalea.pl\/wp-content\/uploads\/2025\/07\/Kuchnia.jpg\" alt=\"Kuchnia\" style=\"width: 100%; aspect-ratio: 4\/3; object-fit: cover; border-radius: 8px;\"><\/a>\n\n    <a href=\"https:\/\/oliwkascalea.pl\/wp-content\/uploads\/2025\/05\/Zdjecie-WhatsApp-2025-04-30-o-15.37.35_bd1ff5f0.jpg\">\n      <img decoding=\"async\" src=\"https:\/\/oliwkascalea.pl\/wp-content\/uploads\/2025\/05\/Zdjecie-WhatsApp-2025-04-30-o-15.37.35_bd1ff5f0.jpg\" alt=\"\u0141azienka\" style=\"width: 100%; aspect-ratio: 4\/3; object-fit: cover; border-radius: 8px;\"><\/a>\n<a href=\"https:\/\/oliwkascalea.pl\/wp-content\/uploads\/2025\/07\/Korytarz.jpg\">\n      <img decoding=\"async\" src=\"https:\/\/oliwkascalea.pl\/wp-content\/uploads\/2025\/07\/Korytarz.jpg\" alt=\"Korytarz\" style=\"width: 100%; aspect-ratio: 4\/3; object-fit: cover; border-radius: 8px;\"><\/a>\n\n    <a href=\"https:\/\/oliwkascalea.pl\/wp-content\/uploads\/2025\/05\/Zdjecie-WhatsApp-2025-04-30-o-15.37.35_53709f13.jpg\">\n      <img decoding=\"async\" src=\"https:\/\/oliwkascalea.pl\/wp-content\/uploads\/2025\/05\/Zdjecie-WhatsApp-2025-04-30-o-15.37.35_53709f13.jpg\" alt=\"Balkon\" style=\"width: 100%; aspect-ratio: 4\/3; object-fit: cover; border-radius: 8px;\"><\/a>\n    <a href=\"https:\/\/oliwkascalea.pl\/wp-content\/uploads\/2025\/05\/Zdjecie-WhatsApp-2025-04-30-o-15.37.35_4f254bfe.jpg\">\n      <img decoding=\"async\" src=\"https:\/\/oliwkascalea.pl\/wp-content\/uploads\/2025\/05\/Zdjecie-WhatsApp-2025-04-30-o-15.37.35_4f254bfe.jpg\" alt=\"Balkon\" style=\"width: 100%; aspect-ratio: 4\/3; object-fit: cover; border-radius: 8px;\"><\/a>\n    <a href=\"https:\/\/oliwkascalea.pl\/wp-content\/uploads\/2025\/05\/Zdjecie-WhatsApp-2025-04-30-o-15.37.35_75cdb277.jpg\">\n      <img decoding=\"async\" src=\"https:\/\/oliwkascalea.pl\/wp-content\/uploads\/2025\/05\/Zdjecie-WhatsApp-2025-04-30-o-15.37.35_75cdb277.jpg\" alt=\"Balkon\" style=\"width: 100%; aspect-ratio: 4\/3; object-fit: cover; border-radius: 8px;\"><\/a>\n  <\/div>\n<\/section>\n","protected":false},"excerpt":{"rendered":"<p>Apartament w sercu Scalei Wygodne, przestronne mieszkanie na III pi\u0119trze w centrum Scalei. Chcesz do\u015bwiadczy\u0107 jak \u017cyj\u0105 po\u0142udniowi W\u0142osi? Ta destynacja jest dla Ciebie! Apartament Oliwka ma zachowany typowo w\u0142oski charakter. Atutem jest bardzo dobra lokalizacja. Scalea to s\u0142o\u0144ce, pla\u017ca, g\u00f3ry, palmy i \u015bwietne jedzenie. Przyjed\u017a, sprawd\u017a i poczuj klimat Kalabrii, a zostaniesz oczarowany. Udogodnienia [&hellip;]<\/p>\n","protected":false},"author":1,"featured_media":0,"parent":0,"menu_order":0,"comment_status":"closed","ping_status":"closed","template":"","meta":{"footnotes":""},"class_list":["post-83","page","type-page","status-publish","hentry"],"yoast_head":"<!-- This site is optimized with the Yoast SEO plugin v25.5 - https:\/\/yoast.com\/wordpress\/plugins\/seo\/ -->\n<title>Mieszkanie - Apartament Oliwka<\/title>\n<meta name=\"robots\" content=\"index, follow, max-snippet:-1, max-image-preview:large, max-video-preview:-1\" \/>\n<link rel=\"canonical\" href=\"https:\/\/oliwkascalea.pl\/index.php\/mieszkanie\/\" \/>\n<meta property=\"og:locale\" content=\"pl_PL\" \/>\n<meta property=\"og:type\" content=\"article\" \/>\n<meta property=\"og:title\" content=\"Mieszkanie - Apartament Oliwka\" \/>\n<meta property=\"og:description\" content=\"Apartament w sercu Scalei Wygodne, przestronne mieszkanie na III pi\u0119trze w centrum Scalei. Chcesz do\u015bwiadczy\u0107 jak \u017cyj\u0105 po\u0142udniowi W\u0142osi? Ta destynacja jest dla Ciebie! Apartament Oliwka ma zachowany typowo w\u0142oski charakter. Atutem jest bardzo dobra lokalizacja. Scalea to s\u0142o\u0144ce, pla\u017ca, g\u00f3ry, palmy i \u015bwietne jedzenie. Przyjed\u017a, sprawd\u017a i poczuj klimat Kalabrii, a zostaniesz oczarowany. Udogodnienia [&hellip;]\" \/>\n<meta property=\"og:url\" content=\"https:\/\/oliwkascalea.pl\/index.php\/mieszkanie\/\" \/>\n<meta property=\"og:site_name\" content=\"Apartament Oliwka\" \/>\n<meta property=\"article:modified_time\" content=\"2025-07-27T17:54:13+00:00\" \/>\n<meta property=\"og:image\" content=\"https:\/\/oliwkascalea.pl\/wp-content\/uploads\/2025\/05\/Zdjecie-WhatsApp-2025-04-30-o-15.37.36_95be90ef.jpg\" \/>\n<meta name=\"twitter:card\" content=\"summary_large_image\" \/>\n<meta name=\"twitter:label1\" content=\"Szacowany czas czytania\" \/>\n\t<meta name=\"twitter:data1\" content=\"4 minuty\" \/>\n<script type=\"application\/ld+json\" class=\"yoast-schema-graph\">{\"@context\":\"https:\/\/schema.org\",\"@graph\":[{\"@type\":\"WebPage\",\"@id\":\"https:\/\/oliwkascalea.pl\/index.php\/mieszkanie\/\",\"url\":\"https:\/\/oliwkascalea.pl\/index.php\/mieszkanie\/\",\"name\":\"Mieszkanie - Apartament Oliwka\",\"isPartOf\":{\"@id\":\"https:\/\/oliwkascalea.pl\/#website\"},\"primaryImageOfPage\":{\"@id\":\"https:\/\/oliwkascalea.pl\/index.php\/mieszkanie\/#primaryimage\"},\"image\":{\"@id\":\"https:\/\/oliwkascalea.pl\/index.php\/mieszkanie\/#primaryimage\"},\"thumbnailUrl\":\"https:\/\/oliwkascalea.pl\/wp-content\/uploads\/2025\/05\/Zdjecie-WhatsApp-2025-04-30-o-15.37.36_95be90ef.jpg\",\"datePublished\":\"2025-05-12T17:59:06+00:00\",\"dateModified\":\"2025-07-27T17:54:13+00:00\",\"breadcrumb\":{\"@id\":\"https:\/\/oliwkascalea.pl\/index.php\/mieszkanie\/#breadcrumb\"},\"inLanguage\":\"pl-PL\",\"potentialAction\":[{\"@type\":\"ReadAction\",\"target\":[\"https:\/\/oliwkascalea.pl\/index.php\/mieszkanie\/\"]}]},{\"@type\":\"ImageObject\",\"inLanguage\":\"pl-PL\",\"@id\":\"https:\/\/oliwkascalea.pl\/index.php\/mieszkanie\/#primaryimage\",\"url\":\"https:\/\/oliwkascalea.pl\/wp-content\/uploads\/2025\/05\/Zdjecie-WhatsApp-2025-04-30-o-15.37.36_95be90ef.jpg\",\"contentUrl\":\"https:\/\/oliwkascalea.pl\/wp-content\/uploads\/2025\/05\/Zdjecie-WhatsApp-2025-04-30-o-15.37.36_95be90ef.jpg\"},{\"@type\":\"BreadcrumbList\",\"@id\":\"https:\/\/oliwkascalea.pl\/index.php\/mieszkanie\/#breadcrumb\",\"itemListElement\":[{\"@type\":\"ListItem\",\"position\":1,\"name\":\"Strona g\u0142\u00f3wna\",\"item\":\"https:\/\/oliwkascalea.pl\/\"},{\"@type\":\"ListItem\",\"position\":2,\"name\":\"Mieszkanie\"}]},{\"@type\":\"WebSite\",\"@id\":\"https:\/\/oliwkascalea.pl\/#website\",\"url\":\"https:\/\/oliwkascalea.pl\/\",\"name\":\"Apartament Oliwka\",\"description\":\"Przytulny apartament wakacyjny we W\u0142oszech\",\"publisher\":{\"@id\":\"https:\/\/oliwkascalea.pl\/#organization\"},\"potentialAction\":[{\"@type\":\"SearchAction\",\"target\":{\"@type\":\"EntryPoint\",\"urlTemplate\":\"https:\/\/oliwkascalea.pl\/?s={search_term_string}\"},\"query-input\":{\"@type\":\"PropertyValueSpecification\",\"valueRequired\":true,\"valueName\":\"search_term_string\"}}],\"inLanguage\":\"pl-PL\"},{\"@type\":\"Organization\",\"@id\":\"https:\/\/oliwkascalea.pl\/#organization\",\"name\":\"Apartament Oliwka\",\"url\":\"https:\/\/oliwkascalea.pl\/\",\"logo\":{\"@type\":\"ImageObject\",\"inLanguage\":\"pl-PL\",\"@id\":\"https:\/\/oliwkascalea.pl\/#\/schema\/logo\/image\/\",\"url\":\"https:\/\/oliwkascalea.pl\/wp-content\/uploads\/2025\/05\/logo.png\",\"contentUrl\":\"https:\/\/oliwkascalea.pl\/wp-content\/uploads\/2025\/05\/logo.png\",\"width\":398,\"height\":247,\"caption\":\"Apartament Oliwka\"},\"image\":{\"@id\":\"https:\/\/oliwkascalea.pl\/#\/schema\/logo\/image\/\"}}]}<\/script>\n<!-- \/ Yoast SEO plugin. -->","yoast_head_json":{"title":"Mieszkanie - Apartament Oliwka","robots":{"index":"index","follow":"follow","max-snippet":"max-snippet:-1","max-image-preview":"max-image-preview:large","max-video-preview":"max-video-preview:-1"},"canonical":"https:\/\/oliwkascalea.pl\/index.php\/mieszkanie\/","og_locale":"pl_PL","og_type":"article","og_title":"Mieszkanie - Apartament Oliwka","og_description":"Apartament w sercu Scalei Wygodne, przestronne mieszkanie na III pi\u0119trze w centrum Scalei. Chcesz do\u015bwiadczy\u0107 jak \u017cyj\u0105 po\u0142udniowi W\u0142osi? Ta destynacja jest dla Ciebie! Apartament Oliwka ma zachowany typowo w\u0142oski charakter. Atutem jest bardzo dobra lokalizacja. Scalea to s\u0142o\u0144ce, pla\u017ca, g\u00f3ry, palmy i \u015bwietne jedzenie. Przyjed\u017a, sprawd\u017a i poczuj klimat Kalabrii, a zostaniesz oczarowany. Udogodnienia [&hellip;]","og_url":"https:\/\/oliwkascalea.pl\/index.php\/mieszkanie\/","og_site_name":"Apartament Oliwka","article_modified_time":"2025-07-27T17:54:13+00:00","og_image":[{"url":"https:\/\/oliwkascalea.pl\/wp-content\/uploads\/2025\/05\/Zdjecie-WhatsApp-2025-04-30-o-15.37.36_95be90ef.jpg","type":"","width":"","height":""}],"twitter_card":"summary_large_image","twitter_misc":{"Szacowany czas czytania":"4 minuty"},"schema":{"@context":"https:\/\/schema.org","@graph":[{"@type":"WebPage","@id":"https:\/\/oliwkascalea.pl\/index.php\/mieszkanie\/","url":"https:\/\/oliwkascalea.pl\/index.php\/mieszkanie\/","name":"Mieszkanie - Apartament Oliwka","isPartOf":{"@id":"https:\/\/oliwkascalea.pl\/#website"},"primaryImageOfPage":{"@id":"https:\/\/oliwkascalea.pl\/index.php\/mieszkanie\/#primaryimage"},"image":{"@id":"https:\/\/oliwkascalea.pl\/index.php\/mieszkanie\/#primaryimage"},"thumbnailUrl":"https:\/\/oliwkascalea.pl\/wp-content\/uploads\/2025\/05\/Zdjecie-WhatsApp-2025-04-30-o-15.37.36_95be90ef.jpg","datePublished":"2025-05-12T17:59:06+00:00","dateModified":"2025-07-27T17:54:13+00:00","breadcrumb":{"@id":"https:\/\/oliwkascalea.pl\/index.php\/mieszkanie\/#breadcrumb"},"inLanguage":"pl-PL","potentialAction":[{"@type":"ReadAction","target":["https:\/\/oliwkascalea.pl\/index.php\/mieszkanie\/"]}]},{"@type":"ImageObject","inLanguage":"pl-PL","@id":"https:\/\/oliwkascalea.pl\/index.php\/mieszkanie\/#primaryimage","url":"https:\/\/oliwkascalea.pl\/wp-content\/uploads\/2025\/05\/Zdjecie-WhatsApp-2025-04-30-o-15.37.36_95be90ef.jpg","contentUrl":"https:\/\/oliwkascalea.pl\/wp-content\/uploads\/2025\/05\/Zdjecie-WhatsApp-2025-04-30-o-15.37.36_95be90ef.jpg"},{"@type":"BreadcrumbList","@id":"https:\/\/oliwkascalea.pl\/index.php\/mieszkanie\/#breadcrumb","itemListElement":[{"@type":"ListItem","position":1,"name":"Strona g\u0142\u00f3wna","item":"https:\/\/oliwkascalea.pl\/"},{"@type":"ListItem","position":2,"name":"Mieszkanie"}]},{"@type":"WebSite","@id":"https:\/\/oliwkascalea.pl\/#website","url":"https:\/\/oliwkascalea.pl\/","name":"Apartament Oliwka","description":"Przytulny apartament wakacyjny we W\u0142oszech","publisher":{"@id":"https:\/\/oliwkascalea.pl\/#organization"},"potentialAction":[{"@type":"SearchAction","target":{"@type":"EntryPoint","urlTemplate":"https:\/\/oliwkascalea.pl\/?s={search_term_string}"},"query-input":{"@type":"PropertyValueSpecification","valueRequired":true,"valueName":"search_term_string"}}],"inLanguage":"pl-PL"},{"@type":"Organization","@id":"https:\/\/oliwkascalea.pl\/#organization","name":"Apartament Oliwka","url":"https:\/\/oliwkascalea.pl\/","logo":{"@type":"ImageObject","inLanguage":"pl-PL","@id":"https:\/\/oliwkascalea.pl\/#\/schema\/logo\/image\/","url":"https:\/\/oliwkascalea.pl\/wp-content\/uploads\/2025\/05\/logo.png","contentUrl":"https:\/\/oliwkascalea.pl\/wp-content\/uploads\/2025\/05\/logo.png","width":398,"height":247,"caption":"Apartament Oliwka"},"image":{"@id":"https:\/\/oliwkascalea.pl\/#\/schema\/logo\/image\/"}}]}},"_links":{"self":[{"href":"https:\/\/oliwkascalea.pl\/index.php\/wp-json\/wp\/v2\/pages\/83","targetHints":{"allow":["GET"]}}],"collection":[{"href":"https:\/\/oliwkascalea.pl\/index.php\/wp-json\/wp\/v2\/pages"}],"about":[{"href":"https:\/\/oliwkascalea.pl\/index.php\/wp-json\/wp\/v2\/types\/page"}],"author":[{"embeddable":true,"href":"https:\/\/oliwkascalea.pl\/index.php\/wp-json\/wp\/v2\/users\/1"}],"replies":[{"embeddable":true,"href":"https:\/\/oliwkascalea.pl\/index.php\/wp-json\/wp\/v2\/comments?post=83"}],"version-history":[{"count":35,"href":"https:\/\/oliwkascalea.pl\/index.php\/wp-json\/wp\/v2\/pages\/83\/revisions"}],"predecessor-version":[{"id":358,"href":"https:\/\/oliwkascalea.pl\/index.php\/wp-json\/wp\/v2\/pages\/83\/revisions\/358"}],"wp:attachment":[{"href":"https:\/\/oliwkascalea.pl\/index.php\/wp-json\/wp\/v2\/media?parent=83"}],"curies":[{"name":"wp","href":"https:\/\/api.w.org\/{rel}","templated":true}]}}